{"id":288,"date":"2021-11-18T15:11:40","date_gmt":"2021-11-18T15:11:40","guid":{"rendered":"http:\/\/luigiscuderi.it\/media-kit\/"},"modified":"2021-11-18T15:12:00","modified_gmt":"2021-11-18T15:12:00","slug":"media-kit","status":"publish","type":"page","link":"https:\/\/luigiscuderi.com\/en\/media-kit\/","title":{"rendered":"Media kit"},"content":{"rendered":"<section class=\"u-clearfix u-grey-10 u-valign-middle-lg u-section-1\" id=\"carousel_f6ab\">\n      <div class=\"u-clearfix u-layout-wrap u-layout-wrap-1\">\n        <div class=\"u-layout\">\n          <div class=\"u-layout-row\">\n            <div class=\"u-container-style u-image u-layout-cell u-right-cell u-shape-rectangle u-size-34 u-image-1\" data-image-width=\"1024\" data-image-height=\"673\">\n              <div class=\"u-container-layout u-container-layout-1\"><\/div>\n            <\/div>\n            <div class=\"u-align-left u-container-style u-layout-cell u-left-cell u-size-26 u-layout-cell-2\">\n              <div class=\"u-container-layout u-container-layout-2\">\n                <h5 class=\"u-custom-font u-font-pt-sans u-text u-text-palette-5-dark-2 u-text-1\">media kit<\/h5>\n                <h1 class=\"u-custom-font u-font-lato u-text u-text-palette-5-dark-2 u-text-2\">Your public image<\/h1>\n                <p class=\"u-text u-text-palette-5-dark-2 u-text-3\">Quando sei un personaggio pubblico \u00e8 importantissimo avere sempre materiale fotografico aggiornato e vario per alimentare i media. Pi\u00f9 fai circolare la tua immagine pi\u00f9 possibilit\u00e0 hai di essere chiamato\/a. E puoi, tramite un uso sapiente delle immagini, suggerire differenti immagini di te, magari per scostarti da un ruolo sui sei rimasto imprigionato.<\/p>\n                <a href=\"https:\/\/luigiscuderi.com\/en\/contatti\/\" class=\"u-active-palette-5-dark-2 u-btn u-btn-rectangle u-button-style u-custom-font u-font-oswald u-hover-palette-5-dark-2 u-palette-2-base u-radius-0 u-text-active-white u-text-body-alt-color u-text-hover-white u-btn-1\">Let's talk<\/a>\n              <\/div>\n            <\/div>\n          <\/div>\n        <\/div>\n      <\/div>\n    <\/section>\n    <section class=\"u-clearfix u-palette-5-light-2 u-section-2\" id=\"carousel_4dae\">\n      <div class=\"u-clearfix u-sheet u-sheet-1\">\n        <div class=\"u-clearfix u-expanded-width u-layout-wrap u-layout-wrap-1\">\n          <div class=\"u-layout\">\n            <div class=\"u-layout-row\">\n              <div class=\"u-container-style u-layout-cell u-left-cell u-size-30 u-layout-cell-1\">\n                <div class=\"u-container-layout u-valign-top u-container-layout-1\">\n                  <h2 class=\"u-text u-text-1\">My promise<\/h2>\n                  <h5 class=\"u-text u-text-2\">I put your needs and your objectives first, every image created will follow this approach<br>\n                    <br>sono disponibile ad un rapporto piu' continuo per assicurarti sempre un'immagine fresca e coerente con i tuoi obiettivi del momento\n                  <\/h5>\n                <\/div>\n              <\/div>\n              <div class=\"u-container-style u-layout-cell u-right-cell u-size-30 u-layout-cell-2\">\n                <div class=\"u-container-layout u-valign-top u-container-layout-2\">\n                  <ul class=\"u-custom-list u-text u-text-3\">\n                    <li style=\"margin-left: 2.1em;\">\n                      <div class=\"u-list-icon u-text-palette-2-base\">\n                        <svg class=\"u-svg-content\" viewbox=\"0 0 512 512\" id=\"svg-53cd\"><path d=\"m202.6 478-202.6-186.6 70.5-76.6 121.5 111.9 239.4-292.7 80.6 65.9z\" fill=\"currentColor\"><\/path><\/svg>\n                      <\/div>Over 30 years of experience\n                    <\/li>\n                    <li style=\"margin-left: 2.1em;\">\n                      <div class=\"u-list-icon u-text-palette-2-base\">\n                        <svg class=\"u-svg-content\" viewbox=\"0 0 512 512\" id=\"svg-53cd\"><path d=\"m202.6 478-202.6-186.6 70.5-76.6 121.5 111.9 239.4-292.7 80.6 65.9z\" fill=\"currentColor\"><\/path><\/svg>\n                      <\/div>Ability to put people at ease\n                    <\/li>\n                    <li style=\"margin-left: 2.1em;\">\n                      <div class=\"u-list-icon u-text-palette-2-base\">\n                        <svg class=\"u-svg-content\" viewbox=\"0 0 512 512\" id=\"svg-53cd\"><path d=\"m202.6 478-202.6-186.6 70.5-76.6 121.5 111.9 239.4-292.7 80.6 65.9z\" fill=\"currentColor\"><\/path><\/svg>\n                      <\/div>Adaptation to any location\n                    <\/li>\n                    <li style=\"margin-left: 2.1em;\">\n                      <div class=\"u-list-icon u-text-palette-2-base\">\n                        <svg class=\"u-svg-content\" viewbox=\"0 0 512 512\" id=\"svg-53cd\"><path d=\"m202.6 478-202.6-186.6 70.5-76.6 121.5 111.9 239.4-292.7 80.6 65.9z\" fill=\"currentColor\"><\/path><\/svg>\n                      <\/div>Capacit\u00e0 di lavorare anche in tempi stretti\n                    <\/li>\n                    <li style=\"margin-left: 2.1em;\">\n                      <div class=\"u-list-icon u-text-palette-2-base\">\n                        <svg class=\"u-svg-content\" viewbox=\"0 0 512 512\" id=\"svg-53cd\"><path d=\"m202.6 478-202.6-186.6 70.5-76.6 121.5 111.9 239.4-292.7 80.6 65.9z\" fill=\"currentColor\"><\/path><\/svg>\n                      <\/div>Strong marketing orientation\n                    <\/li>\n                    <li style=\"margin-left: 2.1em;\">\n                      <div class=\"u-list-icon u-text-palette-2-base\">\n                        <svg class=\"u-svg-content\" viewbox=\"0 0 512 512\" id=\"svg-53cd\"><path d=\"m202.6 478-202.6-186.6 70.5-76.6 121.5 111.9 239.4-292.7 80.6 65.9z\" fill=\"currentColor\"><\/path><\/svg>\n                      <\/div>Numerosissime pubblicazioni su ogni tipo di rivista\n                    <\/li>\n                  <\/ul>\n                  <a href=\"https:\/\/luigiscuderi.com\/en\/contatti\/\" class=\"u-active-palette-5-dark-2 u-btn u-btn-rectangle u-button-style u-custom-font u-font-oswald u-hover-palette-5-dark-2 u-palette-5-dark-3 u-radius-0 u-text-active-white u-text-hover-white u-text-palette-5-light-2 u-btn-1\">Contact me<\/a>\n                <\/div>\n              <\/div>\n            <\/div>\n          <\/div>\n        <\/div>\n      <\/div>\n    <\/section>\n    <section class=\"u-align-right u-clearfix u-white u-section-3\" id=\"carousel_0d5f\">\n      <div class=\"u-custom-color-1 u-expanded-height u-shape u-shape-rectangle u-shape-1\"><\/div>\n      <h1 class=\"u-text u-text-1\">Alcuni esempi<\/h1>\n      <div class=\"u-gallery u-layout-grid u-lightbox u-no-transition u-show-text-on-hover u-gallery-1\">\n        <div class=\"u-gallery-inner u-gallery-inner-1\">\n          <div class=\"u-effect-fade u-gallery-item\">\n            <div class=\"u-back-slide\" data-image-width=\"723\" data-image-height=\"960\">\n              <img decoding=\"async\" class=\"u-back-image u-expanded\" src=\"https:\/\/luigiscuderi.com\/wp-content\/uploads\/2021\/11\/articolo-crisula001.jpg\">\n            <\/div>\n            <div class=\"u-over-slide u-shading u-over-slide-1\">\n              <h3 class=\"u-gallery-heading\"><\/h3>\n              <p class=\"u-gallery-text\"><\/p>\n            <\/div>\n          <\/div>\n          <div class=\"u-effect-fade u-gallery-item\">\n            <div class=\"u-back-slide\" data-image-width=\"1085\" data-image-height=\"770\">\n              <img decoding=\"async\" class=\"u-back-image u-expanded\" src=\"https:\/\/luigiscuderi.com\/wp-content\/uploads\/2021\/11\/articolo-gwen1.jpg\">\n            <\/div>\n            <div class=\"u-over-slide u-shading u-over-slide-2\">\n              <h3 class=\"u-gallery-heading\"><\/h3>\n              <p class=\"u-gallery-text\"><\/p>\n            <\/div>\n          <\/div>\n          <div class=\"u-effect-fade u-gallery-item\">\n            <div class=\"u-back-slide\" data-image-width=\"1573\" data-image-height=\"1476\">\n              <img decoding=\"async\" class=\"u-back-image u-expanded\" src=\"https:\/\/luigiscuderi.com\/wp-content\/uploads\/2021\/11\/articolo-alina-person.png\">\n            <\/div>\n            <div class=\"u-over-slide u-shading u-over-slide-3\">\n              <h3 class=\"u-gallery-heading\"><\/h3>\n              <p class=\"u-gallery-text\"><\/p>\n            <\/div>\n          <\/div>\n          <div class=\"u-effect-fade u-gallery-item\">\n            <div class=\"u-back-slide\" data-image-width=\"800\" data-image-height=\"1035\">\n              <img decoding=\"async\" class=\"u-back-image u-expanded\" src=\"https:\/\/luigiscuderi.com\/wp-content\/uploads\/2021\/11\/mode001-copertina2.jpg\">\n            <\/div>\n            <div class=\"u-over-slide u-shading u-over-slide-4\">\n              <h3 class=\"u-gallery-heading\"><\/h3>\n              <p class=\"u-gallery-text\"><\/p>\n            <\/div>\n          <\/div>\n          <div class=\"u-effect-fade u-gallery-item\">\n            <div class=\"u-back-slide\" data-image-width=\"1140\" data-image-height=\"1491\">\n              <img decoding=\"async\" class=\"u-back-image u-expanded\" src=\"https:\/\/luigiscuderi.com\/wp-content\/uploads\/2021\/11\/copertina-la-ginestra1.jpg\">\n            <\/div>\n            <div class=\"u-over-slide u-shading u-over-slide-5\">\n              <h3 class=\"u-gallery-heading\"><\/h3>\n              <p class=\"u-gallery-text\"><\/p>\n            <\/div>\n          <\/div>\n          <div class=\"u-effect-fade u-gallery-item\">\n            <div class=\"u-back-slide\" data-image-width=\"849\" data-image-height=\"849\">\n              <img decoding=\"async\" class=\"u-back-image u-expanded\" src=\"https:\/\/luigiscuderi.com\/wp-content\/uploads\/2021\/11\/profilofacebookpaoloricca.jpg\">\n            <\/div>\n            <div class=\"u-over-slide u-shading u-over-slide-6\">\n              <h3 class=\"u-gallery-heading\"><\/h3>\n              <p class=\"u-gallery-text\"><\/p>\n            <\/div>\n          <\/div>\n        <\/div>\n      <\/div>\n    <\/section>","protected":false},"excerpt":{"rendered":"<p>media kit la tua immagine Quando sei un personaggio pubblico \u00e8 importantissimo avere sempre materiale fotografico aggiornato e vario per alimentare i media. Pi\u00f9 fai circolare la tua immagine pi\u00f9 possibilit\u00e0 hai di essere chiamato\/a. E puoi, tramite un uso sapiente delle immagini, suggerire differenti immagini di te, magari per scostarti da un ruolo sui &hellip; <a href=\"https:\/\/luigiscuderi.com\/en\/media-kit\/\" class=\"more-link\">Continue reading<span class=\"screen-reader-text\"> &#8220;Media kit&#8221;<\/span><\/a><\/p>","protected":false},"author":1,"featured_media":0,"parent":0,"menu_order":9,"comment_status":"closed","ping_status":"closed","template":"","meta":{"footnotes":""},"class_list":["post-288","page","type-page","status-publish","hentry"],"_links":{"self":[{"href":"https:\/\/luigiscuderi.com\/en\/wp-json\/wp\/v2\/pages\/288","targetHints":{"allow":["GET"]}}],"collection":[{"href":"https:\/\/luigiscuderi.com\/en\/wp-json\/wp\/v2\/pages"}],"about":[{"href":"https:\/\/luigiscuderi.com\/en\/wp-json\/wp\/v2\/types\/page"}],"author":[{"embeddable":true,"href":"https:\/\/luigiscuderi.com\/en\/wp-json\/wp\/v2\/users\/1"}],"replies":[{"embeddable":true,"href":"https:\/\/luigiscuderi.com\/en\/wp-json\/wp\/v2\/comments?post=288"}],"version-history":[{"count":1,"href":"https:\/\/luigiscuderi.com\/en\/wp-json\/wp\/v2\/pages\/288\/revisions"}],"predecessor-version":[{"id":320,"href":"https:\/\/luigiscuderi.com\/en\/wp-json\/wp\/v2\/pages\/288\/revisions\/320"}],"wp:attachment":[{"href":"https:\/\/luigiscuderi.com\/en\/wp-json\/wp\/v2\/media?parent=288"}],"curies":[{"name":"wp","href":"https:\/\/api.w.org\/{rel}","templated":true}]}}