{"id":287,"date":"2021-11-18T15:11:39","date_gmt":"2021-11-18T15:11:39","guid":{"rendered":"http:\/\/luigiscuderi.it\/home\/"},"modified":"2025-11-19T07:25:42","modified_gmt":"2025-11-19T07:25:42","slug":"home","status":"publish","type":"page","link":"https:\/\/luigiscuderi.com\/en\/","title":{"rendered":"Home"},"content":{"rendered":"<section id=\"carousel-4fc5\" class=\"u-carousel u-slide u-block-2cf0-1\" data-u-ride=\"carousel\" data-interval=\"5000\">\n      <ol class=\"u-absolute-hcenter u-carousel-indicators u-block-2cf0-2\">\n        <li data-u-target=\"#carousel-4fc5\" class=\"u-active u-grey-30\" data-u-slide-to=\"0\"><\/li>\n        <li data-u-target=\"#carousel-4fc5\" class=\"u-grey-30\" data-u-slide-to=\"1\"><\/li>\n        <li data-u-target=\"#carousel-4fc5\" class=\"u-grey-30\" data-u-slide-to=\"2\"><\/li>\n        <li data-u-target=\"#carousel-4fc5\" class=\"u-grey-30\" data-u-slide-to=\"3\"><\/li>\n        <li data-u-target=\"#carousel-4fc5\" class=\"u-grey-30\" data-u-slide-to=\"4\"><\/li>\n        <li data-u-target=\"#carousel-4fc5\" class=\"u-grey-30\" data-u-slide-to=\"5\"><\/li>\n        <li data-u-target=\"#carousel-4fc5\" class=\"u-grey-30\" data-u-slide-to=\"6\"><\/li>\n        <li data-u-target=\"#carousel-4fc5\" class=\"u-grey-30\" data-u-slide-to=\"7\"><\/li>\n        <li data-u-target=\"#carousel-4fc5\" class=\"u-grey-30\" data-u-slide-to=\"8\"><\/li>\n        <li data-u-target=\"#carousel-4fc5\" class=\"u-grey-30\" data-u-slide-to=\"9\"><\/li>\n        <li data-u-target=\"#carousel-4fc5\" class=\"u-grey-30\" data-u-slide-to=\"10\"><\/li>\n      <\/ol>\n      <div class=\"u-carousel-inner\" role=\"listbox\">\n        <div class=\"skrollable u-active u-carousel-item u-clearfix u-image u-parallax u-shading u-section-2-1\" src=\"\" style=\"background-image: linear-gradient(0deg, rgba(0, 0, 0, 0.25), rgba(0, 0, 0, 0.25)), url(&quot;https:\/\/luigiscuderi.com\/wp-content\/uploads\/2021\/11\/20160206francescav044.jpg&quot;);\">\n          <div class=\"u-clearfix u-sheet u-sheet-1\">\n            <div class=\"u-clearfix u-expanded-width-sm u-expanded-width-xs u-layout-wrap u-layout-wrap-1\">\n              <div class=\"u-gutter-0 u-layout\">\n                <div class=\"u-layout-row\">\n                  <div class=\"u-container-style u-layout-cell u-left-cell u-right-cell u-size-60 u-layout-cell-1\">\n                    <div class=\"u-container-layout u-container-layout-1\"><\/div>\n                  <\/div>\n                <\/div>\n              <\/div>\n            <\/div>\n          <\/div>\n        <\/div>\n        <div class=\"skrollable u-carousel-item u-clearfix u-image u-parallax u-shading u-section-2-2\" src=\"\" style=\"background-image: linear-gradient(0deg, rgba(0, 0, 0, 0.25), rgba(0, 0, 0, 0.25)), url(&quot;https:\/\/luigiscuderi.com\/wp-content\/uploads\/2021\/11\/20181222bruno019xp.jpg&quot;);\">\n          <div class=\"u-clearfix u-sheet u-sheet-1\">\n            <div class=\"u-clearfix u-expanded-width-sm u-expanded-width-xs u-layout-wrap u-layout-wrap-1\">\n              <div class=\"u-gutter-0 u-layout\">\n                <div class=\"u-layout-row\">\n                  <div class=\"u-container-style u-layout-cell u-left-cell u-right-cell u-size-60 u-layout-cell-1\">\n                    <div class=\"u-container-layout u-container-layout-1\"><\/div>\n                  <\/div>\n                <\/div>\n              <\/div>\n            <\/div>\n          <\/div>\n        <\/div>\n        <div class=\"skrollable u-carousel-item u-clearfix u-image u-parallax u-shading u-section-2-3\" src=\"\" style=\"background-image: linear-gradient(0deg, rgba(0, 0, 0, 0.25), rgba(0, 0, 0, 0.25)), url(&quot;https:\/\/luigiscuderi.com\/wp-content\/uploads\/2021\/11\/2013_0415_dicegame001r.jpg&quot;);\">\n          <div class=\"u-clearfix u-sheet u-sheet-1\">\n            <div class=\"u-clearfix u-expanded-width-sm u-expanded-width-xs u-layout-wrap u-layout-wrap-1\">\n              <div class=\"u-gutter-0 u-layout\">\n                <div class=\"u-layout-row\">\n                  <div class=\"u-container-style u-layout-cell u-left-cell u-right-cell u-size-60 u-layout-cell-1\">\n                    <div class=\"u-container-layout u-container-layout-1\"><\/div>\n                  <\/div>\n                <\/div>\n              <\/div>\n            <\/div>\n          <\/div>\n        <\/div>\n        <div class=\"skrollable u-carousel-item u-clearfix u-image u-parallax u-shading u-section-2-4\" src=\"\" style=\"background-image: linear-gradient(0deg, rgba(0, 0, 0, 0.25), rgba(0, 0, 0, 0.25)), url(&quot;https:\/\/luigiscuderi.com\/wp-content\/uploads\/2021\/11\/20181019paoloricca001ink.jpg&quot;);\">\n          <div class=\"u-clearfix u-sheet u-sheet-1\">\n            <div class=\"u-clearfix u-expanded-width-sm u-expanded-width-xs u-layout-wrap u-layout-wrap-1\">\n              <div class=\"u-gutter-0 u-layout\">\n                <div class=\"u-layout-row\">\n                  <div class=\"u-container-style u-layout-cell u-left-cell u-right-cell u-size-60 u-layout-cell-1\">\n                    <div class=\"u-container-layout u-container-layout-1\"><\/div>\n                  <\/div>\n                <\/div>\n              <\/div>\n            <\/div>\n          <\/div>\n        <\/div>\n        <div class=\"skrollable u-carousel-item u-clearfix u-image u-parallax u-shading u-section-2-5\" src=\"\" style=\"background-image: linear-gradient(0deg, rgba(0, 0, 0, 0.25), rgba(0, 0, 0, 0.25)), url(&quot;https:\/\/luigiscuderi.com\/wp-content\/uploads\/2021\/11\/2014_0407_mistery003xp1.jpg&quot;);\">\n          <div class=\"u-clearfix u-sheet u-sheet-1\">\n            <div class=\"u-clearfix u-expanded-width-sm u-expanded-width-xs u-layout-wrap u-layout-wrap-1\">\n              <div class=\"u-gutter-0 u-layout\">\n                <div class=\"u-layout-row\">\n                  <div class=\"u-container-style u-layout-cell u-left-cell u-right-cell u-size-60 u-layout-cell-1\">\n                    <div class=\"u-container-layout u-container-layout-1\"><\/div>\n                  <\/div>\n                <\/div>\n              <\/div>\n            <\/div>\n          <\/div>\n        <\/div>\n        <div class=\"skrollable u-carousel-item u-clearfix u-image u-parallax u-shading u-section-2-6\" src=\"\" style=\"background-image: linear-gradient(0deg, rgba(0, 0, 0, 0.25), rgba(0, 0, 0, 0.25)), url(&quot;https:\/\/luigiscuderi.com\/wp-content\/uploads\/2021\/11\/2006_0603_escape01.jpg&quot;);\">\n          <div class=\"u-clearfix u-sheet u-sheet-1\">\n            <div class=\"u-clearfix u-expanded-width-sm u-expanded-width-xs u-layout-wrap u-layout-wrap-1\">\n              <div class=\"u-gutter-0 u-layout\">\n                <div class=\"u-layout-row\">\n                  <div class=\"u-container-style u-layout-cell u-left-cell u-right-cell u-size-60 u-layout-cell-1\">\n                    <div class=\"u-container-layout u-container-layout-1\"><\/div>\n                  <\/div>\n                <\/div>\n              <\/div>\n            <\/div>\n          <\/div>\n        <\/div>\n        <div class=\"skrollable u-carousel-item u-clearfix u-image u-parallax u-shading u-section-2-7\" src=\"\" style=\"background-image: linear-gradient(0deg, rgba(0, 0, 0, 0.25), rgba(0, 0, 0, 0.25)), url(&quot;https:\/\/luigiscuderi.com\/wp-content\/uploads\/2021\/11\/20180609marinaorlova002.jpg&quot;);\">\n          <div class=\"u-clearfix u-sheet u-sheet-1\">\n            <div class=\"u-clearfix u-expanded-width-sm u-expanded-width-xs u-layout-wrap u-layout-wrap-1\">\n              <div class=\"u-gutter-0 u-layout\">\n                <div class=\"u-layout-row\">\n                  <div class=\"u-container-style u-layout-cell u-left-cell u-right-cell u-size-60 u-layout-cell-1\">\n                    <div class=\"u-container-layout u-container-layout-1\"><\/div>\n                  <\/div>\n                <\/div>\n              <\/div>\n            <\/div>\n          <\/div>\n        <\/div>\n        <div class=\"skrollable u-carousel-item u-clearfix u-image u-parallax u-shading u-section-2-8\" src=\"\" style=\"background-image: linear-gradient(0deg, rgba(0, 0, 0, 0.25), rgba(0, 0, 0, 0.25)), url(&quot;https:\/\/luigiscuderi.com\/wp-content\/uploads\/2021\/11\/2012_0715_okianas014.jpg&quot;);\">\n          <div class=\"u-clearfix u-sheet u-sheet-1\">\n            <div class=\"u-clearfix u-expanded-width-sm u-expanded-width-xs u-layout-wrap u-layout-wrap-1\">\n              <div class=\"u-gutter-0 u-layout\">\n                <div class=\"u-layout-row\">\n                  <div class=\"u-container-style u-layout-cell u-left-cell u-right-cell u-size-60 u-layout-cell-1\">\n                    <div class=\"u-container-layout u-container-layout-1\"><\/div>\n                  <\/div>\n                <\/div>\n              <\/div>\n            <\/div>\n          <\/div>\n        <\/div>\n        <div class=\"skrollable u-carousel-item u-clearfix u-image u-parallax u-shading u-section-2-9\" src=\"\" style=\"background-image: linear-gradient(0deg, rgba(0, 0, 0, 0.25), rgba(0, 0, 0, 0.25)), url(&quot;https:\/\/luigiscuderi.com\/wp-content\/uploads\/2021\/11\/2012_0424_manichini005xporizz.jpg&quot;);\">\n          <div class=\"u-clearfix u-sheet u-sheet-1\">\n            <div class=\"u-clearfix u-expanded-width-sm u-expanded-width-xs u-layout-wrap u-layout-wrap-1\">\n              <div class=\"u-gutter-0 u-layout\">\n                <div class=\"u-layout-row\">\n                  <div class=\"u-container-style u-layout-cell u-left-cell u-right-cell u-size-60 u-layout-cell-1\">\n                    <div class=\"u-container-layout u-container-layout-1\"><\/div>\n                  <\/div>\n                <\/div>\n              <\/div>\n            <\/div>\n          <\/div>\n        <\/div>\n        <div class=\"skrollable u-carousel-item u-clearfix u-image u-parallax u-shading u-section-2-10\" src=\"\" style=\"background-image: linear-gradient(0deg, rgba(0, 0, 0, 0.25), rgba(0, 0, 0, 0.25)), url(&quot;https:\/\/luigiscuderi.com\/wp-content\/uploads\/2021\/11\/20180323_francesca018sqxp.jpg&quot;);\">\n          <div class=\"u-clearfix u-sheet u-sheet-1\">\n            <div class=\"u-clearfix u-expanded-width-sm u-expanded-width-xs u-layout-wrap u-layout-wrap-1\">\n              <div class=\"u-gutter-0 u-layout\">\n                <div class=\"u-layout-row\">\n                  <div class=\"u-container-style u-layout-cell u-left-cell u-right-cell u-size-60 u-layout-cell-1\">\n                    <div class=\"u-container-layout u-container-layout-1\"><\/div>\n                  <\/div>\n                <\/div>\n              <\/div>\n            <\/div>\n          <\/div>\n        <\/div>\n        <div class=\"skrollable u-carousel-item u-clearfix u-image u-parallax u-shading u-section-2-11\" src=\"\" style=\"background-image: linear-gradient(0deg, rgba(0, 0, 0, 0.25), rgba(0, 0, 0, 0.25)), url(&quot;https:\/\/luigiscuderi.com\/wp-content\/uploads\/2021\/11\/20180428hotroad071ink.jpg&quot;);\">\n          <div class=\"u-clearfix u-sheet u-sheet-1\">\n            <div class=\"u-clearfix u-expanded-width-sm u-expanded-width-xs u-layout-wrap u-layout-wrap-1\">\n              <div class=\"u-gutter-0 u-layout\">\n                <div class=\"u-layout-row\">\n                  <div class=\"u-container-style u-layout-cell u-left-cell u-right-cell u-size-60 u-layout-cell-1\">\n                    <div class=\"u-container-layout u-container-layout-1\"><\/div>\n                  <\/div>\n                <\/div>\n              <\/div>\n            <\/div>\n          <\/div>\n        <\/div>\n      <\/div>\n      <a class=\"u-absolute-vcenter u-carousel-control u-carousel-control-prev u-text-white u-block-2cf0-3\" href=\"#carousel-4fc5\" role=\"button\" data-u-slide=\"prev\"><span aria-hidden=\"true\">\n          <svg viewbox=\"0 0 477.175 477.175\"><path d=\"M145.188,238.575l215.5-215.5c5.3-5.3,5.3-13.8,0-19.1s-13.8-5.3-19.1,0l-225.1,225.1c-5.3,5.3-5.3,13.8,0,19.1l225.1,225\t\tc2.6,2.6,6.1,4,9.5,4s6.9-1.3,9.5-4c5.3-5.3,5.3-13.8,0-19.1L145.188,238.575z\"><\/path><\/svg><\/span><span class=\"sr-only\">\n          <svg viewbox=\"0 0 477.175 477.175\"><path d=\"M145.188,238.575l215.5-215.5c5.3-5.3,5.3-13.8,0-19.1s-13.8-5.3-19.1,0l-225.1,225.1c-5.3,5.3-5.3,13.8,0,19.1l225.1,225\t\tc2.6,2.6,6.1,4,9.5,4s6.9-1.3,9.5-4c5.3-5.3,5.3-13.8,0-19.1L145.188,238.575z\"><\/path><\/svg><\/span>\n      <\/a>\n      <a class=\"u-absolute-vcenter u-carousel-control u-carousel-control-next u-text-white u-block-2cf0-4\" href=\"#carousel-4fc5\" role=\"button\" data-u-slide=\"next\"><span aria-hidden=\"true\">\n          <svg viewbox=\"0 0 477.175 477.175\"><path d=\"M360.731,229.075l-225.1-225.1c-5.3-5.3-13.8-5.3-19.1,0s-5.3,13.8,0,19.1l215.5,215.5l-215.5,215.5\t\tc-5.3,5.3-5.3,13.8,0,19.1c2.6,2.6,6.1,4,9.5,4c3.4,0,6.9-1.3,9.5-4l225.1-225.1C365.931,242.875,365.931,234.275,360.731,229.075z\"><\/path><\/svg><\/span><span class=\"sr-only\">\n          <svg viewbox=\"0 0 477.175 477.175\"><path d=\"M360.731,229.075l-225.1-225.1c-5.3-5.3-13.8-5.3-19.1,0s-5.3,13.8,0,19.1l215.5,215.5l-215.5,215.5\t\tc-5.3,5.3-5.3,13.8,0,19.1c2.6,2.6,6.1,4,9.5,4c3.4,0,6.9-1.3,9.5-4l225.1-225.1C365.931,242.875,365.931,234.275,360.731,229.075z\"><\/path><\/svg><\/span>\n      <\/a>\n    <\/section>\n    <section class=\"u-clearfix u-section-3\" id=\"sec-be96\">\n      <div class=\"u-clearfix u-sheet u-sheet-1\">\n        <div class=\"u-clearfix u-expanded-width u-layout-wrap u-layout-wrap-1\">\n          <div class=\"u-layout\">\n            <div class=\"u-layout-row\" style=\"\">\n              <div class=\"u-align-center-xl u-container-style u-layout-cell u-left-cell u-size-20 u-layout-cell-1\">\n                <div class=\"u-container-layout u-valign-bottom-lg u-valign-bottom-md u-valign-bottom-sm u-valign-top-xl u-container-layout-1\">\n                  <img decoding=\"async\" src=\"https:\/\/luigiscuderi.com\/wp-content\/uploads\/2021\/11\/20180307_michele022.jpg\" alt=\"\" class=\"u-expanded-width u-image u-image-contain u-image-default u-image-1\">\n                  <h3 class=\"u-align-center-lg u-align-center-md u-align-center-sm u-align-center-xs u-text u-text-1\">Portraits<\/h3>\n                  <p class=\"u-align-center-lg u-align-center-md u-align-center-sm u-align-center-xs u-text u-text-2\">Are you an actor? A public figure? <b>Your image is key to your success<\/b>? A well made portrait, and I'm not talking from a technical perspective only, is a powerful communication tool<br>\n                    <br>\n                  <\/p>\n                  <a href=\"https:\/\/luigiscuderi.com\/en\/ritratti\/\" class=\"u-btn u-button-style u-btn-1\" title=\"Portraits\">More...<\/a>\n                <\/div>\n              <\/div>\n              <div class=\"u-container-style u-layout-cell u-size-20 u-layout-cell-2\">\n                <div class=\"u-container-layout u-valign-top u-container-layout-2\">\n                  <img decoding=\"async\" src=\"https:\/\/luigiscuderi.com\/wp-content\/uploads\/2021\/11\/2013_0415_dicegame001r.jpg\" alt=\"\" class=\"u-expanded-width u-image u-image-contain u-image-default u-image-2\">\n                  <h3 class=\"u-align-center u-text u-text-3\">Advertising<\/h3>\n                  <p class=\"u-align-center-xl u-align-center-xs u-text u-text-4\">The power of images is enormous, an image is <b>60 times more effective<\/b> of a written text. Powerful images generate much higher revenues. Images capable to tell a story (<b>storytelling<\/b>) are even more powerful \n                  <\/p>\n                  <a href=\"https:\/\/luigiscuderi.com\/en\/pubblicita\/\" class=\"u-btn u-button-style u-btn-2\">More...<\/a>\n                <\/div>\n              <\/div>\n              <div class=\"u-align-center-xl u-container-style u-layout-cell u-right-cell u-size-20 u-layout-cell-3\">\n                <div class=\"u-container-layout u-valign-bottom-lg u-valign-bottom-md u-valign-bottom-sm u-valign-top-xl u-container-layout-3\">\n                  <img decoding=\"async\" src=\"https:\/\/luigiscuderi.com\/wp-content\/uploads\/2021\/11\/livingfineart2sq004.jpg\" alt=\"\" class=\"u-expanded-width u-image u-image-contain u-image-default u-image-3\">\n                  <h3 class=\"u-align-center-lg u-align-center-md u-align-center-sm u-align-center-xs u-text u-text-5\">Fine art<\/h3>\n                  <p class=\"u-align-center-lg u-align-center-md u-align-center-sm u-align-center-xs u-text u-text-6\">A beautiful photo print, a photograph that tells something, that excites, evokes, amazes, can happily transform a house, a restaurant, a venue, into something unique. Especially in very large format.<\/p>\n                  <a href=\"https:\/\/luigiscuderi.com\/en\/stampe-fine-art\/\" class=\"u-btn u-button-style u-btn-3\">More...<\/a>\n                <\/div>\n              <\/div>\n            <\/div>\n          <\/div>\n        <\/div>\n      <\/div>\n    <\/section>\n    <section class=\"u-clearfix u-grey-5 u-section-4\" id=\"sec-8fc3\">\n      <div class=\"u-clearfix u-sheet u-sheet-1\">\n        <div class=\"u-clearfix u-gutter-30 u-layout-wrap u-layout-wrap-1\">\n          <div class=\"u-layout\">\n            <div class=\"u-layout-col\">\n              <div class=\"u-size-30\">\n                <div class=\"u-layout-row\">\n                  <div class=\"u-align-left u-container-align-left u-container-style u-layout-cell u-left-cell u-size-20 u-layout-cell-1\">\n                    <div class=\"u-container-layout u-valign-top u-container-layout-1\">\n                      <div alt=\"\" class=\"u-align-left u-image u-image-circle u-image-1\" style=\"background-image: url(&quot;https:\/\/luigiscuderi.com\/wp-content\/uploads\/2021\/11\/20180307_michele0221.jpg&quot;);\"><\/div>\n                    <\/div>\n                  <\/div>\n                  <div class=\"u-align-left u-container-align-left u-container-style u-layout-cell u-right-cell u-size-40 u-white u-layout-cell-2\">\n                    <div class=\"u-container-layout u-valign-middle u-container-layout-2\">\n                      <p class=\"u-text u-text-1\">\"I don't like being photographed, I bother myself, I always think I'm fake... But we actors, unfortunately, can't do without photos. Luigi was good, fast, practical, let's say I posed without thought I would do it... The slogan could be: Scuderi a weightless pose\"<\/p>\n                      <h5 class=\"u-text u-text-2\">Michele La Ginestra<\/h5>\n                      <h6 class=\"u-text u-text-3\">Actor and artistic director of Teatro 7<\/h6>\n                    <\/div>\n                  <\/div>\n                <\/div>\n              <\/div>\n              <div class=\"u-size-30\">\n                <div class=\"u-layout-row\">\n                  <div class=\"u-align-left u-container-align-left u-container-style u-layout-cell u-left-cell u-size-40 u-white u-layout-cell-3\">\n                    <div class=\"u-container-layout u-valign-middle u-container-layout-3\">\n                      <p class=\"u-text u-text-4\">\"Working with Luigi is relaxing, you immediately feel empathetic and this can be seen a lot in the photos. Luigi has a delicate and soft eye that I love very much. There is a sweetness in his photos, in the colours, in the light, almost fairytale-like. Well done Luigi.\"<\/p>\n                      <h5 class=\"u-text u-text-5\">Jane Alexander<\/h5>\n                      <h6 class=\"u-text u-text-6\">Actress<\/h6>\n                    <\/div>\n                  <\/div>\n                  <div class=\"u-align-left u-container-align-left u-container-style u-layout-cell u-right-cell u-size-20 u-layout-cell-4\">\n                    <div class=\"u-container-layout u-valign-top-sm u-container-layout-4\">\n                      <div alt=\"\" class=\"u-align-left u-image u-image-circle u-image-2\" style=\"background-image: url(&quot;https:\/\/luigiscuderi.com\/wp-content\/uploads\/2021\/11\/20200618-jane010.jpg&quot;);\"><\/div>\n                    <\/div>\n                  <\/div>\n                <\/div>\n              <\/div>\n            <\/div>\n          <\/div>\n        <\/div>\n      <\/div>\n    <\/section>\n    <section class=\"u-clearfix u-grey-5 u-section-5\" id=\"carousel_5456\">\n      <div class=\"u-clearfix u-sheet u-sheet-1\">\n        <div class=\"u-clearfix u-gutter-30 u-layout-wrap u-layout-wrap-1\">\n          <div class=\"u-layout\">\n            <div class=\"u-layout-col\">\n              <div class=\"u-size-30\">\n                <div class=\"u-layout-row\">\n                  <div class=\"u-align-left u-container-align-left u-container-style u-layout-cell u-left-cell u-size-20 u-layout-cell-1\">\n                    <div class=\"u-container-layout u-valign-top u-container-layout-1\">\n                      <div alt=\"\" class=\"u-align-left u-image u-image-circle u-image-1\" style=\"background-image: url(&quot;https:\/\/luigiscuderi.com\/wp-content\/uploads\/2021\/11\/nathalie001small.jpg&quot;);\"><\/div>\n                    <\/div>\n                  <\/div>\n                  <div class=\"u-align-left u-container-align-left u-container-style u-layout-cell u-right-cell u-size-40 u-white u-layout-cell-2\">\n                    <div class=\"u-container-layout u-valign-middle u-container-layout-2\">\n                      <p class=\"u-text u-text-1\">\"Luigi is a photographer full of creativity. His ideas are truly engaging, you always have the feeling of creating something unique. His storytelling skills amazed me a lot, and have increased\n                                            my visibility in a tangible way.\"<\/p>\n                      <h5 class=\"u-text u-text-2\">Nathalie Altomonte<\/h5>\n                      <h6 class=\"u-text u-text-3\">Tahm Couture<\/h6>\n                    <\/div>\n                  <\/div>\n                <\/div>\n              <\/div>\n              <div class=\"u-size-30\">\n                <div class=\"u-layout-row\">\n                  <div class=\"u-align-left u-container-align-left u-container-style u-layout-cell u-left-cell u-size-40 u-white u-layout-cell-3\">\n                    <div class=\"u-container-layout u-valign-middle u-container-layout-3\">\n                      <p class=\"u-text u-text-4\">\"If I had to rate the quality of Luigi's work I would give the best, because without quality there is no success. Success begins with passion for one's work and Luigi has passion, quality and above all professionalism. He does what he loves and can be seen. All this is what I have found in these years of collaboration. Thank you also because with his work he has managed to enhance mine too...\"<\/p>\n                      <h5 class=\"u-text u-text-5\">Jos\u00e9 Edgar Lombardi<\/h5>\n                      <h6 class=\"u-text u-text-6\">Maison Lombardi haute couture<\/h6>\n                    <\/div>\n                  <\/div>\n                  <div class=\"u-align-left u-container-align-left u-container-style u-layout-cell u-right-cell u-size-20 u-layout-cell-4\">\n                    <div class=\"u-container-layout u-valign-top-sm u-container-layout-4\">\n                      <div alt=\"\" class=\"u-align-left u-image u-image-circle u-image-2\" style=\"background-image: url(&quot;https:\/\/luigiscuderi.com\/wp-content\/uploads\/2021\/11\/20190429-jose002.jpg&quot;);\"><\/div>\n                    <\/div>\n                  <\/div>\n                <\/div>\n              <\/div>\n            <\/div>\n          <\/div>\n        <\/div>\n      <\/div>\n    <\/section>","protected":false},"excerpt":{"rendered":"<p>Ritratti Sei un attore? Un personaggio pubblico? La tua immagine \u00e8 importante? Un ritratto ben riuscito, e non parlo solo di tecnica, \u00e8 un potente strumento di comunicazione. Scopri di pi\u00f9 Pubblicit\u00e0 La potenza delle immagini \u00e8 impressionante, un&#8217;immagine \u00e8 60 volte pi\u00f9 efficace di un testo scritto. Immagini efficaci producono guadagni molto maggiori. Immagini &hellip; <a href=\"https:\/\/luigiscuderi.com\/en\/\" class=\"more-link\">Continue reading<span class=\"screen-reader-text\"> &#8220;Home&#8221;<\/span><\/a><\/p>","protected":false},"author":1,"featured_media":0,"parent":0,"menu_order":8,"comment_status":"closed","ping_status":"closed","template":"","meta":{"footnotes":""},"class_list":["post-287","page","type-page","status-publish","hentry"],"_links":{"self":[{"href":"https:\/\/luigiscuderi.com\/en\/wp-json\/wp\/v2\/pages\/287","targetHints":{"allow":["GET"]}}],"collection":[{"href":"https:\/\/luigiscuderi.com\/en\/wp-json\/wp\/v2\/pages"}],"about":[{"href":"https:\/\/luigiscuderi.com\/en\/wp-json\/wp\/v2\/types\/page"}],"author":[{"embeddable":true,"href":"https:\/\/luigiscuderi.com\/en\/wp-json\/wp\/v2\/users\/1"}],"replies":[{"embeddable":true,"href":"https:\/\/luigiscuderi.com\/en\/wp-json\/wp\/v2\/comments?post=287"}],"version-history":[{"count":2,"href":"https:\/\/luigiscuderi.com\/en\/wp-json\/wp\/v2\/pages\/287\/revisions"}],"predecessor-version":[{"id":387,"href":"https:\/\/luigiscuderi.com\/en\/wp-json\/wp\/v2\/pages\/287\/revisions\/387"}],"wp:attachment":[{"href":"https:\/\/luigiscuderi.com\/en\/wp-json\/wp\/v2\/media?parent=287"}],"curies":[{"name":"wp","href":"https:\/\/api.w.org\/{rel}","templated":true}]}}