{"id":284,"date":"2021-11-18T15:11:36","date_gmt":"2021-11-18T15:11:36","guid":{"rendered":"http:\/\/luigiscuderi.it\/book-fotografici\/"},"modified":"2025-01-05T08:11:16","modified_gmt":"2025-01-05T08:11:16","slug":"book-fotografici","status":"publish","type":"page","link":"https:\/\/luigiscuderi.com\/en\/book-fotografici\/","title":{"rendered":"Photo books"},"content":{"rendered":"<section class=\"u-align-center u-clearfix u-container-align-center u-grey-5 u-valign-middle u-section-2\" id=\"carousel_be25\">\n      <img decoding=\"async\" src=\"https:\/\/luigiscuderi.com\/wp-content\/uploads\/2021\/11\/casting001.jpg\" alt=\"\" class=\"u-expanded-width u-image u-image-default u-image-1\">\n      <div class=\"u-shape u-shape-rectangle u-white u-shape-1\"><\/div>\n      <div class=\"u-clearfix u-disable-padding u-gutter-30 u-layout-spacing-all u-layout-wrap u-layout-wrap-1\">\n        <div class=\"u-gutter-0 u-layout\">\n          <div class=\"u-layout-col\">\n            <div class=\"u-size-30\">\n              <div class=\"u-layout-row\">\n                <div class=\"u-align-center u-container-align-center u-container-style u-layout-cell u-left-cell u-right-cell u-size-60 u-layout-cell-1\">\n                  <div class=\"u-container-layout u-valign-middle-lg u-valign-middle-md u-valign-middle-sm u-valign-middle-xl u-container-layout-1\">\n                    <h2 class=\"u-text u-text-1\">Your business card<\/h2>\n                    <p class=\"u-text u-text-font u-text-2\"> The photos in the book are a very important business card\nand they are almost always decisive in the choice made by casting directors.<br>&nbsp; Are the photos you have engaging? Are they professional? I am\nupdated? Are they right for the type of request?&nbsp;&nbsp;<br>\n                    <\/p>\n                  <\/div>\n                <\/div>\n              <\/div>\n            <\/div>\n            <div class=\"u-size-30\">\n              <div class=\"u-layout-row\">\n                <div class=\"u-align-left u-container-align-left u-container-style u-layout-cell u-left-cell u-size-20 u-layout-cell-2\">\n                  <div class=\"u-container-layout\">\n                    <img decoding=\"async\" class=\"u-expanded-width u-image u-image-2\" src=\"https:\/\/luigiscuderi.com\/wp-content\/uploads\/2021\/11\/20170213_luisa056.jpg?rand=8e58\" data-image-width=\"1600\" data-image-height=\"1067\">\n                    <h5 class=\"u-text u-text-3\">Quality = professionalism<\/h5>\n                    <p class=\"u-text u-text-font u-text-4\">A photo of inadequate quality immediately communicates lack of professionalism. Higher quality photos attract attention<\/p>\n                  <\/div>\n                <\/div>\n                <div class=\"u-align-left u-container-align-left u-container-style u-layout-cell u-size-20 u-layout-cell-3\">\n                  <div class=\"u-container-layout\">\n                    <img decoding=\"async\" class=\"u-expanded-width u-image u-image-3\" src=\"https:\/\/luigiscuderi.com\/wp-content\/uploads\/2021\/11\/2013_0814_crisula001nat3-small.jpg\" data-image-width=\"400\" data-image-height=\"400\">\n                    <h5 class=\"u-text u-text-5\">Engage<\/h5>\n                    <p class=\"u-text u-text-font u-text-6\">A beautiful but not engaging photo is not effective from a communicative point of view. It simply does not work<\/p>\n                  <\/div>\n                <\/div>\n                <div class=\"u-align-left u-container-align-left u-container-style u-layout-cell u-right-cell u-size-20 u-layout-cell-4\">\n                  <div class=\"u-container-layout\">\n                    <img decoding=\"async\" class=\"u-expanded-width u-image u-image-4\" src=\"https:\/\/luigiscuderi.com\/wp-content\/uploads\/2021\/11\/20201019-fabrizio003.jpg\" imgwidth=\"700\" imgheight=\"478\">\n                    <h5 class=\"u-text u-text-7\">Rerepresent you<\/h5>\n                    <p class=\"u-text u-text-font u-text-8\">The photos must represent you, as you are, at your best. They have to be frank. And updated<\/p>\n                  <\/div>\n                <\/div>\n              <\/div>\n            <\/div>\n          <\/div>\n        <\/div>\n      <\/div>\n    <\/section>\n    <section class=\"u-clearfix u-white u-section-3\" id=\"carousel_4b2e\">\n      <div class=\"u-clearfix u-gutter-0 u-layout-wrap u-layout-wrap-1\">\n        <div class=\"u-layout\">\n          <div class=\"u-layout-row\">\n            <div class=\"u-align-left u-container-align-left u-container-style u-image u-layout-cell u-left-cell u-shape-rectangle u-size-20 u-size-20-md u-image-1\" src=\"\" data-image-width=\"800\" data-image-height=\"800\" style=\"background-image: url(&quot;https:\/\/luigiscuderi.com\/wp-content\/uploads\/2021\/11\/2003_1026_venezia015rbnsq1.jpg&quot;);\">\n              <div class=\"u-container-layout u-valign-middle u-container-layout-1\" src=\"\"><\/div>\n            <\/div>\n            <div class=\"u-align-left u-container-align-left u-container-style u-layout-cell u-size-20 u-size-20-md u-white u-layout-cell-2\" src=\"\">\n              <div class=\"u-container-layout u-valign-top u-container-layout-2\" src=\"\">\n                <h2 class=\"u-custom-font u-font-playfair-display u-text u-text-1\">Let me tell you a story<\/h2>\n                <p class=\"u-text u-text-2\">The story of someone who has to impress their client, who asks to take care of a very important advertising campaign, and has to create the team to respond to the request. The competition is great and fierce. We need the best. Casting begins.&nbsp;<br>You scroll through lists and lists of people, you browse through photographs, hundreds, thousands... You need a woman with a clean, reassuring face. A confident-looking man in his thirties, with light eyes. And perfect hands. It seems easy, but the photos are never clear enough, some are decidedly unprofessional, amateur shots, or photos with too much make-up... you can never see the hands... A nightmare... \n                <\/p>\n              <\/div>\n            <\/div>\n            <div class=\"u-align-left u-container-align-left u-container-style u-layout-cell u-right-cell u-shape-rectangle u-size-20 u-size-20-md u-white u-layout-cell-3\">\n              <div class=\"u-container-layout u-valign-bottom-lg u-valign-bottom-xl u-valign-top-xs u-container-layout-3\">\n                <p class=\"u-text u-text-3\">You have no idea how easily it is possible to stand out amidst the mediocrity of what is usually presented. It is true that today we live on images, but it is equally true that few are able to attract attention and at the same time give the right message at the right time. There is no one-size-fits-all image. Each request requires a personalized approach. Just like what our protagonist of the story wants to adopt to win the competition.<br>Got it?<br>It's time to create your differentiation tools.... \n                <\/p>\n                <p class=\"u-text u-text-4\">It's the right time for your book <span style=\"font-weight: 700;\"><\/span>come si deve \n                <\/p>\n                <a href=\"https:\/\/luigiscuderi.com\/en\/preventivo-book\/\" class=\"u-border-2 u-border-palette-4-base u-btn u-button-style u-hover-palette-4-base u-none u-text-body-color u-text-hover-white u-btn-1\">Let's talk<\/a>\n                <div class=\"u-shape u-shape-svg u-text-palette-4-base u-shape-1\">\n                  <svg class=\"u-svg-link\" preserveaspectratio=\"none\" viewbox=\"0 0 160 160\" style=\"\"><use xmlns:xlink=\"http:\/\/www.w3.org\/1999\/xlink\" xlink:href=\"#svg-5d2b\"><\/use><\/svg>\n                  <svg xmlns=\"http:\/\/www.w3.org\/2000\/svg\" xmlns:xlink=\"http:\/\/www.w3.org\/1999\/xlink\" version=\"1.1\" xml:space=\"preserve\" class=\"u-svg-content\" viewbox=\"0 0 160 160\" x=\"0px\" y=\"0px\" id=\"svg-5d2b\"><path d=\"M152.7,0c-4,0-7.3,3.3-7.3,7.3s3.3,7.3,7.3,7.3c4,0,7.3-3.3,7.3-7.3S156.7,0,152.7,0z M128.5,24.2c-4,0-7.3,3.3-7.3,7.3\ts3.3,7.3,7.3,7.3c4,0,7.3-3.3,7.3-7.3S132.5,24.2,128.5,24.2z M152.7,24.2c-4,0-7.3,3.3-7.3,7.3s3.3,7.3,7.3,7.3\tc4,0,7.3-3.3,7.3-7.3S156.7,24.2,152.7,24.2z M104.2,48.5c-4,0-7.3,3.3-7.3,7.3s3.3,7.3,7.3,7.3c4,0,7.3-3.3,7.3-7.3\tS108.2,48.5,104.2,48.5z M128.5,48.5c-4,0-7.3,3.3-7.3,7.3s3.3,7.3,7.3,7.3c4,0,7.3-3.3,7.3-7.3S132.5,48.5,128.5,48.5z M152.7,48.5\tc-4,0-7.3,3.3-7.3,7.3s3.3,7.3,7.3,7.3c4,0,7.3-3.3,7.3-7.3S156.7,48.5,152.7,48.5z M80,72.7c-4,0-7.3,3.3-7.3,7.3s3.3,7.3,7.3,7.3\ts7.3-3.3,7.3-7.3S84,72.7,80,72.7z M104.2,72.7c-4,0-7.3,3.3-7.3,7.3s3.3,7.3,7.3,7.3c4,0,7.3-3.3,7.3-7.3S108.2,72.7,104.2,72.7z\t M128.5,72.7c-4,0-7.3,3.3-7.3,7.3s3.3,7.3,7.3,7.3c4,0,7.3-3.3,7.3-7.3S132.5,72.7,128.5,72.7z M152.7,72.7c-4,0-7.3,3.3-7.3,7.3\ts3.3,7.3,7.3,7.3c4,0,7.3-3.3,7.3-7.3S156.7,72.7,152.7,72.7z M55.8,97c-4,0-7.3,3.3-7.3,7.3c0,4,3.3,7.3,7.3,7.3s7.3-3.3,7.3-7.3\tC63,100.3,59.7,97,55.8,97z M80,97c-4,0-7.3,3.3-7.3,7.3c0,4,3.3,7.3,7.3,7.3s7.3-3.3,7.3-7.3C87.3,100.3,84,97,80,97z M104.2,97\tc-4,0-7.3,3.3-7.3,7.3c0,4,3.3,7.3,7.3,7.3c4,0,7.3-3.3,7.3-7.3C111.5,100.3,108.2,97,104.2,97z M128.5,97c-4,0-7.3,3.3-7.3,7.3\tc0,4,3.3,7.3,7.3,7.3c4,0,7.3-3.3,7.3-7.3C135.8,100.3,132.5,97,128.5,97z M152.7,97c-4,0-7.3,3.3-7.3,7.3c0,4,3.3,7.3,7.3,7.3\tc4,0,7.3-3.3,7.3-7.3C160,100.3,156.7,97,152.7,97z M31.5,121.2c-4,0-7.3,3.3-7.3,7.3c0,4,3.3,7.3,7.3,7.3s7.3-3.3,7.3-7.3\tC38.8,124.5,35.5,121.2,31.5,121.2z M55.8,121.2c-4,0-7.3,3.3-7.3,7.3c0,4,3.3,7.3,7.3,7.3s7.3-3.3,7.3-7.3\tC63,124.5,59.7,121.2,55.8,121.2z M80,121.2c-4,0-7.3,3.3-7.3,7.3c0,4,3.3,7.3,7.3,7.3s7.3-3.3,7.3-7.3\tC87.3,124.5,84,121.2,80,121.2z M104.2,121.2c-4,0-7.3,3.3-7.3,7.3c0,4,3.3,7.3,7.3,7.3c4,0,7.3-3.3,7.3-7.3\tC111.5,124.5,108.2,121.2,104.2,121.2z M128.5,121.2c-4,0-7.3,3.3-7.3,7.3c0,4,3.3,7.3,7.3,7.3c4,0,7.3-3.3,7.3-7.3\tC135.8,124.5,132.5,121.2,128.5,121.2z M152.7,121.2c-4,0-7.3,3.3-7.3,7.3c0,4,3.3,7.3,7.3,7.3c4,0,7.3-3.3,7.3-7.3\tC160,124.5,156.7,121.2,152.7,121.2z M7.3,145.5c-4,0-7.3,3.3-7.3,7.3c0,4,3.3,7.3,7.3,7.3s7.3-3.3,7.3-7.3\tC14.5,148.8,11.2,145.5,7.3,145.5z M31.5,145.5c-4,0-7.3,3.3-7.3,7.3c0,4,3.3,7.3,7.3,7.3s7.3-3.3,7.3-7.3\tC38.8,148.8,35.5,145.5,31.5,145.5z M55.8,145.5c-4,0-7.3,3.3-7.3,7.3c0,4,3.3,7.3,7.3,7.3s7.3-3.3,7.3-7.3\tC63,148.8,59.7,145.5,55.8,145.5z M80,145.5c-4,0-7.3,3.3-7.3,7.3c0,4,3.3,7.3,7.3,7.3s7.3-3.3,7.3-7.3\tC87.3,148.8,84,145.5,80,145.5z M104.2,145.5c-4,0-7.3,3.3-7.3,7.3c0,4,3.3,7.3,7.3,7.3c4,0,7.3-3.3,7.3-7.3\tC111.5,148.8,108.2,145.5,104.2,145.5z M128.5,145.5c-4,0-7.3,3.3-7.3,7.3c0,4,3.3,7.3,7.3,7.3c4,0,7.3-3.3,7.3-7.3\tC135.8,148.8,132.5,145.5,128.5,145.5z M152.7,145.5c-4,0-7.3,3.3-7.3,7.3c0,4,3.3,7.3,7.3,7.3c4,0,7.3-3.3,7.3-7.3\tC160,148.8,156.7,145.5,152.7,145.5z\"><\/path><\/svg>\n                <\/div>\n              <\/div>\n            <\/div>\n          <\/div>\n        <\/div>\n      <\/div>\n    <\/section>\n    <section class=\"u-clearfix u-section-4\" id=\"sec-851c\">\n      <div class=\"u-clearfix u-sheet u-sheet-1\">\n        <div class=\"u-clearfix u-expanded-width-md u-expanded-width-sm u-expanded-width-xs u-gutter-0 u-layout-wrap u-layout-wrap-1\">\n          <div class=\"u-layout\">\n            <div class=\"u-layout-row\">\n              <div class=\"u-container-style u-image u-layout-cell u-left-cell u-size-30 u-image-1\" src=\"\" style=\"background-image: url(&quot;https:\/\/luigiscuderi.com\/wp-content\/uploads\/2021\/11\/20171028io002bn2smallsq.jpg&quot;);\">\n                <div class=\"u-container-layout u-container-layout-1\"><\/div>\n              <\/div>\n              <div class=\"u-container-style u-layout-cell u-right-cell u-size-30 u-layout-cell-2\">\n                <div class=\"u-container-layout u-container-layout-2\">\n                  <div class=\"u-container-style u-group u-white u-group-1\">\n                    <div class=\"u-container-layout u-valign-middle u-container-layout-3\">\n                      <h2 class=\"u-text u-text-1\">My promise<\/h2>\n                      <p class=\"u-text u-text-palette-2-dark-1 u-text-2\">I am a photographer specialized in the creation of portraits, for several years I have been working on creating images capable of making a difference in castings.<br>I have developed the ability to empathize with my own\n                                            customers and to show their best side, bringing out all the facets of their personality.<br>I guarantee you images capable of giving you <b>higher visibility<\/b>, <b>more clicks<\/b>, <b>better chances<\/b> to be noticed and chosen. \n                      <\/p>\n                    <\/div>\n                  <\/div>\n                <\/div>\n              <\/div>\n            <\/div>\n          <\/div>\n        <\/div>\n      <\/div>\n    <\/section>\n    <section class=\"u-clearfix u-section-5\" id=\"carousel_f25b\">\n      <div class=\"u-expanded-width u-gallery u-layout-grid u-lightbox u-no-transition u-show-text-on-hover u-gallery-1\">\n        <div class=\"u-gallery-inner u-gallery-inner-1\">\n          <div class=\"u-effect-fade u-gallery-item\">\n            <div class=\"u-back-slide\" data-image-width=\"1024\" data-image-height=\"683\">\n              <img decoding=\"async\" class=\"u-back-image u-expanded\" src=\"https:\/\/luigiscuderi.com\/wp-content\/uploads\/2021\/11\/20210427-paoloromano-e171.jpg\">\n            <\/div>\n            <div class=\"u-over-slide u-shading u-over-slide-1\"><\/div>\n          <\/div>\n          <div class=\"u-effect-fade u-gallery-item\">\n            <div class=\"u-back-slide\" data-image-width=\"1600\" data-image-height=\"1068\">\n              <img decoding=\"async\" class=\"u-back-image u-expanded u-back-image-2\" src=\"https:\/\/luigiscuderi.com\/wp-content\/uploads\/2021\/11\/20181222bruno019xp.jpg?rand=e8bb\">\n            <\/div>\n            <div class=\"u-over-slide u-shading u-over-slide-2\"><\/div>\n          <\/div>\n          <div class=\"u-effect-fade u-gallery-item\">\n            <div class=\"u-back-slide\" data-image-width=\"1024\" data-image-height=\"1024\">\n              <img decoding=\"async\" class=\"u-back-image u-expanded\" src=\"https:\/\/luigiscuderi.com\/wp-content\/uploads\/2021\/11\/20190708-daria004crop.jpg\">\n            <\/div>\n            <div class=\"u-over-slide u-shading u-over-slide-3\"><\/div>\n          <\/div>\n        <\/div>\n      <\/div>\n    <\/section>\n    <section class=\"u-clearfix u-section-6\" id=\"carousel_6638\">\n      <div class=\"u-expanded-width u-gallery u-layout-grid u-lightbox u-no-transition u-show-text-on-hover u-gallery-1\">\n        <div class=\"u-gallery-inner u-gallery-inner-1\">\n          <div class=\"u-effect-fade u-gallery-item\">\n            <div class=\"u-back-slide\" data-image-width=\"1024\" data-image-height=\"683\">\n              <img decoding=\"async\" class=\"u-back-image u-expanded u-back-image-1\" src=\"https:\/\/luigiscuderi.com\/wp-content\/uploads\/2022\/01\/20181019-paoloricca001.jpg\">\n            <\/div>\n            <div class=\"u-over-slide u-shading u-over-slide-1\"><\/div>\n          <\/div>\n          <div class=\"u-effect-fade u-gallery-item\">\n            <div class=\"u-back-slide\" data-image-width=\"1024\" data-image-height=\"683\">\n              <img decoding=\"async\" class=\"u-back-image u-expanded u-back-image-2\" src=\"https:\/\/luigiscuderi.com\/wp-content\/uploads\/2022\/01\/20201001-crisula019.jpg\">\n            <\/div>\n            <div class=\"u-over-slide u-shading u-over-slide-2\"><\/div>\n          <\/div>\n          <div class=\"u-effect-fade u-gallery-item\">\n            <div class=\"u-back-slide\" data-image-width=\"683\" data-image-height=\"1024\">\n              <img decoding=\"async\" class=\"u-back-image u-expanded\" src=\"https:\/\/luigiscuderi.com\/wp-content\/uploads\/2022\/01\/20210424-riccardo-038.jpg\">\n            <\/div>\n            <div class=\"u-over-slide u-shading u-over-slide-3\"><\/div>\n          <\/div>\n        <\/div>\n      <\/div>\n    <\/section>\n    <section class=\"u-clearfix u-image u-shading u-section-7\" src=\"\" id=\"sec-558c\" style=\"background-image: linear-gradient(0deg, rgba(0, 0, 0, 0.5), rgba(0, 0, 0, 0.5)), url(&quot;https:\/\/luigiscuderi.com\/wp-content\/uploads\/2021\/11\/20190614barbara009.jpg&quot;);\">\n      <div class=\"u-clearfix u-sheet u-sheet-1\">\n        <div class=\"u-clearfix u-layout-wrap u-layout-wrap-1\">\n          <div class=\"u-layout\">\n            <div class=\"u-layout-row\">\n              <div class=\"u-align-left u-container-align-left u-container-style u-layout-cell u-left-cell u-size-45 u-layout-cell-1\">\n                <div class=\"u-container-layout u-valign-bottom u-container-layout-1\">\n                  <h2 class=\"u-text u-text-1\">Why wait?<\/h2>\n                  <p class=\"u-text u-text-2\">An effective book is the most powerful tool for increasing casting calls. I myself do castings all the time, and reject many applications due to the low quality of their business cards. Request a quote now, you can choose the offer closest to your needs, and you will always have the \"Satisfied or refunded\" guarantee<\/p>\n                <\/div>\n              <\/div>\n              <div class=\"u-align-left u-container-align-left u-container-style u-layout-cell u-right-cell u-size-15 u-layout-cell-2\">\n                <div class=\"u-container-layout u-valign-middle u-container-layout-2\">\n                  <a href=\"https:\/\/luigiscuderi.com\/en\/preventivo-book\/\" class=\"u-btn u-button-style u-palette-1-dark-1 u-btn-1\">Request a quote<\/a>\n                <\/div>\n              <\/div>\n            <\/div>\n          <\/div>\n        <\/div>\n      <\/div>\n    <\/section>\n    <section class=\"u-clearfix u-section-8\" id=\"sec-4764\">\n      <div class=\"u-clearfix u-sheet u-sheet-1\">\n        <div class=\"u-clearfix u-expanded-width u-gutter-30 u-layout-spacing-vertical u-layout-wrap u-layout-wrap-1\">\n          <div class=\"u-gutter-0 u-layout\">\n            <div class=\"u-layout-row\">\n              <div class=\"u-align-center-lg u-align-center-sm u-align-center-xl u-align-center-xs u-container-style u-layout-cell u-left-cell u-size-30 u-white u-layout-cell-1\">\n                <div class=\"u-container-layout u-valign-top u-container-layout-1\">\n                  <div alt=\"\" class=\"u-align-left u-image u-image-circle u-image-1\" style=\"background-image: url(&quot;https:\/\/luigiscuderi.com\/wp-content\/uploads\/2021\/11\/2013_0814_crisula001nat3small.jpg&quot;);\"><\/div>\n                  <p class=\"u-align-center-md u-text u-text-1\">\"His photos are paintings, unique works. Luigi is a very good photographer and a man full of grace and kindness, qualities that are absolutely not negligible in this historical moment\"<\/p>\n                  <h5 class=\"u-align-center-md u-text u-text-2\">Crisula Stafida<\/h5>\n                  <h6 class=\"u-align-center-md u-text u-text-3\">Actress<\/h6>\n                <\/div>\n              <\/div>\n              <div class=\"u-align-center-lg u-align-center-sm u-align-center-xl u-align-center-xs u-container-style u-layout-cell u-right-cell u-size-30 u-white u-layout-cell-2\">\n                <div class=\"u-container-layout u-valign-top u-container-layout-2\">\n                  <div alt=\"\" class=\"u-align-left u-image u-image-circle u-image-2\" style=\"background-image: url(&quot;https:\/\/luigiscuderi.com\/wp-content\/uploads\/2021\/11\/20181019paoloricca018.jpg&quot;);\"><\/div>\n                  <p class=\"u-align-center-md u-text u-text-4\">\"Luigi was able to show many different facets of me. I am often seen and called for roles as a villain, as a criminal. Thanks to Luigi's photos I was able to show my versatility, the ability to\n                                    cover very different roles, and the results have not been lacking\"<\/p>\n                  <h5 class=\"u-align-center-md u-text u-text-5\">Paolo Ricca<\/h5>\n                  <h6 class=\"u-align-center-md u-text u-text-6\">Actor<\/h6>\n                <\/div>\n              <\/div>\n            <\/div>\n          <\/div>\n        <\/div>\n      <\/div>\n    <\/section>\n    <section class=\"u-clearfix u-section-9\" id=\"carousel_3eae\">\n      <div class=\"u-clearfix u-sheet u-sheet-1\">\n        <div class=\"u-clearfix u-expanded-width u-gutter-30 u-layout-spacing-vertical u-layout-wrap u-layout-wrap-1\">\n          <div class=\"u-gutter-0 u-layout\">\n            <div class=\"u-layout-row\">\n              <div class=\"u-align-center-lg u-align-center-sm u-align-center-xl u-align-center-xs u-container-style u-layout-cell u-left-cell u-size-30 u-white u-layout-cell-1\">\n                <div class=\"u-container-layout u-valign-top u-container-layout-1\">\n                  <div alt=\"\" class=\"u-align-left u-image u-image-circle u-image-1\" style=\"background-image: url(&quot;https:\/\/luigiscuderi.com\/wp-content\/uploads\/2021\/11\/2010_1229_marco002sqbnsmall.jpg&quot;);\"><\/div>\n                  <p class=\"u-align-center-md u-text u-text-1\">\"It was a pleasure working with Luigi. He is a great person and has a great talent. I really like the way he manages to capture emotions.\"<\/p>\n                  <h5 class=\"u-align-center-md u-text u-text-2\">Marco Pancrazi<\/h5>\n                  <h6 class=\"u-align-center-md u-text u-text-3\">Actor and stuntman<\/h6>\n                <\/div>\n              <\/div>\n              <div class=\"u-align-center-lg u-align-center-sm u-align-center-xl u-align-center-xs u-container-style u-layout-cell u-right-cell u-size-30 u-white u-layout-cell-2\">\n                <div class=\"u-container-layout u-valign-top u-container-layout-2\">\n                  <div alt=\"\" class=\"u-align-left u-image u-image-circle u-image-2\" style=\"background-image: url(&quot;https:\/\/luigiscuderi.com\/wp-content\/uploads\/2021\/11\/20180307_michele022.jpg?rand=f152&quot;);\"><\/div>\n                  <p class=\"u-align-center-md u-text u-text-4\">\"I don't really like having my photo taken, I understand that it's very important for my work, but I really have a block. With Luigi everything was much simpler, I immediately felt at ease, and in a very short time we reached\n                                    a total understanding that led to the creation of very effective photos.\"<\/p>\n                  <h5 class=\"u-align-center-md u-text u-text-5\">Michele La Ginestra<\/h5>\n                  <h6 class=\"u-align-center-md u-text u-text-6\">Actor and artistic director of Teatro 7<\/h6>\n                <\/div>\n              <\/div>\n            <\/div>\n          <\/div>\n        <\/div>\n      <\/div>\n    <\/section>","protected":false},"excerpt":{"rendered":"<p>Il tuo biglietto da visita Le foto del book sono un biglietto da visita importantissimo e quasi sempre sono determinanti nella scelta da parte dei casting director.&nbsp; Le foto che hai sono coinvolgenti? Sono professionali? Sono aggiornate? Sono giuste per il tipo di richiesta?&nbsp;&nbsp; Qualit\u00e0 = professionalit\u00e0 Una foto di qualit\u00e0 non adeguata comunica subito &hellip; <a href=\"https:\/\/luigiscuderi.com\/en\/book-fotografici\/\" class=\"more-link\">Continue reading<span class=\"screen-reader-text\"> &#8220;Book fotografici&#8221;<\/span><\/a><\/p>","protected":false},"author":1,"featured_media":0,"parent":0,"menu_order":5,"comment_status":"closed","ping_status":"closed","template":"","meta":{"footnotes":""},"class_list":["post-284","page","type-page","status-publish","hentry"],"_links":{"self":[{"href":"https:\/\/luigiscuderi.com\/en\/wp-json\/wp\/v2\/pages\/284","targetHints":{"allow":["GET"]}}],"collection":[{"href":"https:\/\/luigiscuderi.com\/en\/wp-json\/wp\/v2\/pages"}],"about":[{"href":"https:\/\/luigiscuderi.com\/en\/wp-json\/wp\/v2\/types\/page"}],"author":[{"embeddable":true,"href":"https:\/\/luigiscuderi.com\/en\/wp-json\/wp\/v2\/users\/1"}],"replies":[{"embeddable":true,"href":"https:\/\/luigiscuderi.com\/en\/wp-json\/wp\/v2\/comments?post=284"}],"version-history":[{"count":3,"href":"https:\/\/luigiscuderi.com\/en\/wp-json\/wp\/v2\/pages\/284\/revisions"}],"predecessor-version":[{"id":855,"href":"https:\/\/luigiscuderi.com\/en\/wp-json\/wp\/v2\/pages\/284\/revisions\/855"}],"wp:attachment":[{"href":"https:\/\/luigiscuderi.com\/en\/wp-json\/wp\/v2\/media?parent=284"}],"curies":[{"name":"wp","href":"https:\/\/api.w.org\/{rel}","templated":true}]}}